{"id":4399,"date":"2017-01-30T09:21:30","date_gmt":"2017-01-30T09:21:30","guid":{"rendered":"https:\/\/www.cafemanger.nybe.be\/home-food-truck\/"},"modified":"2026-04-01T11:56:08","modified_gmt":"2026-04-01T09:56:08","slug":"home","status":"publish","type":"page","link":"https:\/\/cafemanger.be\/fr\/","title":{"rendered":"Home"},"content":{"rendered":"<p><section id=\"section-header\" data-parallax=\"0\" data-parallax-offset=\"0\" class=\"boldSection bottomSpaced btDarkSkin gutter boxed fullScreenHeight inherit btParallax wBackground cover homepage-header\" style=\"background-image:url('https:\/\/cafemanger.be\/wp-content\/uploads\/2020\/06\/header-welcome-1.jpg');\"><div class=\"port\"><div class=\"boldCell\"><div class=\"boldCellInner\"><div class=\"boldRow \" ><div class=\"boldRowInner\"><div class=\"rowItem col-md-12 col-ms-12  btTextCenter btMiddleVertical\"  data-width=\"12\"><div class=\"rowItemContent\" ><div class=\"btClear btSeparator topSmallSpaced noBorder\" ><hr><\/div><div class=\"btClear btSeparator topSemiSpaced noBorder\" ><hr><\/div><\/div><\/div><\/div><\/div><\/div><\/div><\/div><\/section><section id=\"section-book-vouchers\"  class=\"boldSection gutter boxed inherit\" style=\"min-height: 800px;\"><div class=\"port\"><div class=\"boldCell\"><div class=\"boldCellInner\"><div class=\"boldRow \" style=\"min-height: 800px;\"><div class=\"boldRowInner\"><div class=\"rowItem col-md-6 col-sm-12 btTextLeft inherit\" style=\"min-height: 800px;\" data-width=\"6\"><div class=\"rowItemContent\" ><div class=\"btClear btSeparator topSmallSpaced bottomSmallSpaced noBorder\" ><hr><\/div><div class=\"boldRow \" ><div class=\"boldRowInner\"><div class=\"rowItem rowInnerItem col-sm-12  btTextLeft\"  ><div class=\"rowItemContent\"><header class=\"header btClear large  bold\" ><div class=\"dash\"><h2><span class=\"headline\">R\u00c9SERVER<\/span><\/h2><\/div><\/header><div class=\"btText\" ><\/p>\n<p>\n<iframe style=\"width: 100%; min-height: 800px;\" title=\"RestoManager\" src=\"https:\/\/mijn.restomanager.net\/clients\/reservation?businessId=6698ea402f3cc60210bee6e4\" frameborder=\"0\"><\/iframe><\/p>\n<p>\n<\/div><\/div><\/div><\/div><\/div><\/div><\/div><div class=\"rowItem col-md-6 col-sm-12 btTextLeft inherit\" style=\"min-height: 800px;\" data-width=\"6\"><div class=\"rowItemContent\" ><div class=\"btClear btSeparator topSmallSpaced bottomSmallSpaced noBorder\" ><hr><\/div><div class=\"boldRow \" ><div class=\"boldRowInner\"><div class=\"rowItem rowInnerItem col-sm-12  btTextLeft\"  ><div class=\"rowItemContent\"><header class=\"header btClear large  bold\" ><div class=\"dash\"><h2><span class=\"headline\">BONS CADEAUX<\/span><\/h2><\/div><\/header><div class=\"btText\" ><\/p>\n<p>\n<iframe style=\"width: 100%; min-height: 800px;\" title=\"RestoManager\" src=\"https:\/\/mijn.restomanager.net\/clients\/voucher\/order?businessId=6698ea402f3cc60210bee6e4\" frameborder=\"0\"><\/iframe><\/p>\n<p>\n<\/div><\/div><\/div><\/div><\/div><\/div><\/div><\/div><\/div><\/div><\/div><\/div><\/section><section id=\"section-about\"  class=\"boldSection inherit\" style=\"background-color:#333333  !important;\"><div class=\"port\"><div class=\"boldCell\"><div class=\"boldCellInner\"><div class=\"boldRow \" ><div class=\"boldRowInner\"><div class=\"rowItem col-md-6 col-sm-12 btTextLeft btMiddleVertical btDoublePadding\" style=\"background-color: rgba(188, 174, 139, 1); \" data-width=\"6\"><div class=\"rowItemContent\" style = \"background-color: rgba(188, 174, 139, 1); \"><div class=\"btClear btSeparator topSmallSpaced bottomSmallSpaced noBorder\" ><hr><\/div><div class=\"boldRow \" style=\"max-width: 530px; float: right;\"><div class=\"boldRowInner\"><div class=\"rowItem rowInnerItem col-sm-12  btTextLeft\"  ><div class=\"rowItemContent\"><header class=\"header btClear large color-white bold\" ><div class=\"dash\"><h2><span class=\"headline\">\u00c0 PROPOS DE NOUS<\/span><\/h2><\/div><\/header><div class=\"btText\" ><\/p>\n<p class=\"btSubTitle btClear large color-white bold\" style=\"font-family: Lato;\">Le Caf\u00e9 Manger est situ\u00e9 sur l&rsquo;historique Oude Markt, au centre de Louvain.<\/p>\n<p class=\"btSubTitle btClear large color-white bold\" style=\"font-family: Lato;\">Depuis 2001, vous pouvez venir chez nous pour une large gamme de boissons et de plats tout au long de la journ\u00e9e.<\/p>\n<p class=\"btSubTitle btClear large color-white bold\" style=\"font-family: Lato;\">La cuisine est ouverte le mardi de 11h00 \u00e0 17h00 et du mercredi au samedi de 11h00 \u00e0 21h00.<\/p>\n<p class=\"btSubTitle btClear large color-white bold\" style=\"font-family: Lato;\">Apr\u00e8s ce repas nous vous garantissons des soir\u00e9es amusantes toute l&rsquo;ann\u00e9e avec un DJ live jusqu&rsquo;au petit matin.<\/p>\n<p class=\"btSubTitle btClear large color-white bold\" style=\"font-family: Lato;\">Tous les mercredis soir entre 22h00 et 1h00 du matin vous pourrez nous rejoindre pour des soir\u00e9es latines, ambiance garantie !<\/p>\n<p class=\"btSubTitle btClear large color-white bold\" style=\"font-family: Lato;\">Pour les grands groupes, nous avons compos\u00e9 des menus parmi lesquels vous pouvez choisir. Veuillez nous contacter par email pour plus d&rsquo;informations \u00e0 ce sujet. <\/p>\n<p class=\"btSubTitle btClear large color-white bold\" style=\"font-family: Lato;\">Se garer \u00e0 Louvain ?<\/p>\n<p class=\"btSubTitle btClear large color-white bold\" style=\"font-family: Lato;\">Les places de parking couvertes (payantes) les plus proches se trouvent en face du Heilig Hart Ziekenhuis, Naamsestraat 102, le Caf\u00e9 Manger est \u00e0 seulement 5 minutes \u00e0 pied.<\/p>\n<p class=\"btSubTitle btClear large color-white bold\" style=\"font-family: Lato;\">Vous pouvez \u00e9galement payer pour vous garer dans la rue \u00e0 Louvain. Ceci est payant de 9h00 \u00e0 21h00 du lundi au samedi. <\/p>\n<p class=\"btSubTitle btClear large color-white bold\" style=\"font-family: Lato;\">Plus d&rsquo;informations \u00e0 ce sujet : <a class=\"color-white\" href=\"https:\/\/leuven.be\/straatparkeren\" target=\"_blank\" rel=\"noopener nofollow\">https:\/\/leuven.be\/straatparkeren<\/a><\/p>\n<p>\n<\/div><div class=\"btClear btSeparator bottomSmallSpaced noBorder\" ><hr><\/div><a href=\"#section-book-vouchers\" class=\"btBtn btBtn btnFilledStyle btnNormalColor btnMedium btnFullWidth btnLeftPosition btnIco\" ><span class=\"btnInnerText\">R\u00c9SERVER MAINTENANT<\/span><span class=\"btIco \"><span  data-ico-fa=\"&#xf02d;\" class=\"btIcoHolder\"><\/span><\/span><\/a><div class=\"btClear btSeparator topSmallSpaced bottomSmallSpaced noBorder\" ><hr><\/div><\/div><\/div><\/div><\/div><div class=\"boldRow \" style=\"max-width: 530px; float: right;\"><div class=\"boldRowInner\"><div class=\"rowItem rowInnerItem col-sm-12  btTextLeft\"  ><div class=\"rowItemContent\"><header class=\"header btClear medium color-white regular\" ><\/header><div class=\"btClear btSeparator topSmallSpaced bottomSmallSpaced noBorder\" ><hr><\/div><\/div><\/div><\/div><\/div><\/div><\/div><div class=\"rowItem col-md-6 col-sm-12 btTextCenter inherit btNoPadding wBackground cover\" style=\"background-image: url(https:\/\/cafemanger.be\/wp-content\/uploads\/2020\/05\/4-scaled.jpg);\" data-width=\"6\"><div class=\"rowItemContent\" ><\/div><\/div><\/div><\/div><\/div><\/div><\/div><\/section><\/p>\n","protected":false},"excerpt":{"rendered":"","protected":false},"author":1,"featured_media":0,"parent":0,"menu_order":0,"comment_status":"closed","ping_status":"closed","template":"","meta":{"footnotes":""},"class_list":["post-4399","page","type-page","status-publish","hentry"],"_links":{"self":[{"href":"https:\/\/cafemanger.be\/fr\/wp-json\/wp\/v2\/pages\/4399","targetHints":{"allow":["GET"]}}],"collection":[{"href":"https:\/\/cafemanger.be\/fr\/wp-json\/wp\/v2\/pages"}],"about":[{"href":"https:\/\/cafemanger.be\/fr\/wp-json\/wp\/v2\/types\/page"}],"author":[{"embeddable":true,"href":"https:\/\/cafemanger.be\/fr\/wp-json\/wp\/v2\/users\/1"}],"replies":[{"embeddable":true,"href":"https:\/\/cafemanger.be\/fr\/wp-json\/wp\/v2\/comments?post=4399"}],"version-history":[{"count":9,"href":"https:\/\/cafemanger.be\/fr\/wp-json\/wp\/v2\/pages\/4399\/revisions"}],"predecessor-version":[{"id":5052,"href":"https:\/\/cafemanger.be\/fr\/wp-json\/wp\/v2\/pages\/4399\/revisions\/5052"}],"wp:attachment":[{"href":"https:\/\/cafemanger.be\/fr\/wp-json\/wp\/v2\/media?parent=4399"}],"curies":[{"name":"wp","href":"https:\/\/api.w.org\/{rel}","templated":true}]}}